{"id":4137,"date":"2026-04-07T10:35:49","date_gmt":"2026-04-07T10:35:49","guid":{"rendered":"https:\/\/flamboyant-jones.85-215-140-226.plesk.page\/?post_type=product&#038;p=4137"},"modified":"2026-04-07T10:58:38","modified_gmt":"2026-04-07T10:58:38","slug":"appartamento-don-gennaro","status":"publish","type":"product","link":"https:\/\/flamboyant-jones.85-215-140-226.plesk.page\/index.php\/product\/appartamento-don-gennaro\/","title":{"rendered":"Appartamento Don Gennaro"},"content":{"rendered":"<p>L\u2019appartamento Don Gennaro \u00e8 un rifugio di stile e tranquillit\u00e0 nel cuore della Napoli pi\u00f9 raffinata.<br \/>\nGli interni, curati in ogni dettaglio, riprendono la stessa palette chiara e contemporanea della Guest House, creando un ambiente accogliente e armonioso.<\/p>\n<p>La camera matrimoniale invita al relax pi\u00f9 autentico, mentre il soggiorno con divano letto matrimoniale offre un comodo spazio aggiuntivo per coppie, famiglie o piccoli gruppi di amici.<br \/>\nLa cucina attrezzata consente di vivere la citt\u00e0 con la libert\u00e0 di sentirsi a casa, mentre il bagno moderno, con doccia e linea cortesia, assicura benessere e praticit\u00e0 in ogni momento.<\/p>\n<p>Don Gennaro dispone di tutti i comfort: Wi-Fi ad alta velocit\u00e0, aria condizionata, riscaldamento autonomo, Smart TV e biancheria di qualit\u00e0, per un soggiorno sereno e senza pensieri.<\/p>\n","protected":false},"excerpt":{"rendered":"<p>L\u2019appartamento Don Gennaro \u00e8 un rifugio di stile e tranquillit\u00e0 nel cuore della Napoli pi\u00f9 raffinata.<br \/>\nGli interni, curati in ogni dettaglio, riprendono la stessa palette chiara e contemporanea della Guest House, creando un ambiente accogliente e armonioso.<\/p>\n","protected":false},"featured_media":4141,"comment_status":"open","ping_status":"closed","template":"","meta":{"_acf_changed":false,"_monsterinsights_skip_tracking":false,"_monsterinsights_sitenote_active":false,"_monsterinsights_sitenote_note":"","_monsterinsights_sitenote_category":0},"product_brand":[39],"product_cat":[40],"product_tag":[],"class_list":{"0":"post-4137","1":"product","2":"type-product","3":"status-publish","4":"has-post-thumbnail","6":"product_brand-real-passeggio-guest-house","7":"product_cat-camera-matrimoniale","9":"first","10":"instock","11":"featured","12":"shipping-taxable","13":"product-type-ovabrw_car_rental"},"acf":[],"aioseo_notices":[],"_links":{"self":[{"href":"https:\/\/flamboyant-jones.85-215-140-226.plesk.page\/index.php\/wp-json\/wp\/v2\/product\/4137","targetHints":{"allow":["GET"]}}],"collection":[{"href":"https:\/\/flamboyant-jones.85-215-140-226.plesk.page\/index.php\/wp-json\/wp\/v2\/product"}],"about":[{"href":"https:\/\/flamboyant-jones.85-215-140-226.plesk.page\/index.php\/wp-json\/wp\/v2\/types\/product"}],"replies":[{"embeddable":true,"href":"https:\/\/flamboyant-jones.85-215-140-226.plesk.page\/index.php\/wp-json\/wp\/v2\/comments?post=4137"}],"wp:featuredmedia":[{"embeddable":true,"href":"https:\/\/flamboyant-jones.85-215-140-226.plesk.page\/index.php\/wp-json\/wp\/v2\/media\/4141"}],"wp:attachment":[{"href":"https:\/\/flamboyant-jones.85-215-140-226.plesk.page\/index.php\/wp-json\/wp\/v2\/media?parent=4137"}],"wp:term":[{"taxonomy":"product_brand","embeddable":true,"href":"https:\/\/flamboyant-jones.85-215-140-226.plesk.page\/index.php\/wp-json\/wp\/v2\/product_brand?post=4137"},{"taxonomy":"product_cat","embeddable":true,"href":"https:\/\/flamboyant-jones.85-215-140-226.plesk.page\/index.php\/wp-json\/wp\/v2\/product_cat?post=4137"},{"taxonomy":"product_tag","embeddable":true,"href":"https:\/\/flamboyant-jones.85-215-140-226.plesk.page\/index.php\/wp-json\/wp\/v2\/product_tag?post=4137"}],"curies":[{"name":"wp","href":"https:\/\/api.w.org\/{rel}","templated":true}]}}